{"id":576,"date":"2025-06-09T22:18:53","date_gmt":"2025-06-09T22:18:53","guid":{"rendered":"https:\/\/bh.mas.ec\/product\/forequarter\/"},"modified":"2025-08-24T23:11:50","modified_gmt":"2025-08-25T04:11:50","slug":"forequarter","status":"publish","type":"product","link":"https:\/\/blackherdgroup.com\/es\/producto\/forequarter\/","title":{"rendered":"Delantero (Forequarter)"},"content":{"rendered":"<p>Corte proveniente del cuarto delantero del animal. Ofrece un sabor intenso y una excelente estructura. Rico en m\u00fasculos activos, produce algunos de los cortes m\u00e1s sabrosos y vers\u00e1tiles del mercado.<\/p>\n<p>Usos: Se descompone en Chuck Eye, Brisket, Short Ribs, Flat Iron, Denver Steak. Gran relaci\u00f3n m\u00fasculo-grasa, ideal para cocciones lentas, molienda o ahumado. Muy funcional para cocinas comerciales.<\/p>","protected":false},"excerpt":{"rendered":"<p>Cut from the front quarter of the animal, this primal offers bold flavor and excellent structure. Rich in active muscles, it produces some of the most flavorful and versatile cuts on the market. Uses: Breaks down into Chuck Eye, Brisket, Short Ribs, Flat Iron, Denver Steak, Great muscle-to-fat ratio \u2013 perfect for slow cooking, grinding, [&hellip;]<\/p>","protected":false},"featured_media":392,"comment_status":"open","ping_status":"closed","template":"","meta":[],"product_brand":[],"product_cat":[30],"product_tag":[72],"class_list":{"0":"post-576","1":"product","2":"type-product","3":"status-publish","4":"has-post-thumbnail","6":"product_cat-versatile-cuts-for-culinary-use","7":"product_tag-100-black-angus-steer-only-never-ever-non-gmo","9":"first","10":"instock","11":"shipping-taxable","12":"product-type-simple"},"_links":{"self":[{"href":"https:\/\/blackherdgroup.com\/es\/wp-json\/wp\/v2\/product\/576","targetHints":{"allow":["GET"]}}],"collection":[{"href":"https:\/\/blackherdgroup.com\/es\/wp-json\/wp\/v2\/product"}],"about":[{"href":"https:\/\/blackherdgroup.com\/es\/wp-json\/wp\/v2\/types\/product"}],"replies":[{"embeddable":true,"href":"https:\/\/blackherdgroup.com\/es\/wp-json\/wp\/v2\/comments?post=576"}],"wp:featuredmedia":[{"embeddable":true,"href":"https:\/\/blackherdgroup.com\/es\/wp-json\/wp\/v2\/media\/392"}],"wp:attachment":[{"href":"https:\/\/blackherdgroup.com\/es\/wp-json\/wp\/v2\/media?parent=576"}],"wp:term":[{"taxonomy":"product_brand","embeddable":true,"href":"https:\/\/blackherdgroup.com\/es\/wp-json\/wp\/v2\/product_brand?post=576"},{"taxonomy":"product_cat","embeddable":true,"href":"https:\/\/blackherdgroup.com\/es\/wp-json\/wp\/v2\/product_cat?post=576"},{"taxonomy":"product_tag","embeddable":true,"href":"https:\/\/blackherdgroup.com\/es\/wp-json\/wp\/v2\/product_tag?post=576"}],"curies":[{"name":"wp","href":"https:\/\/api.w.org\/{rel}","templated":true}]}}