{"id":575,"date":"2025-06-09T22:18:53","date_gmt":"2025-06-09T22:18:53","guid":{"rendered":"https:\/\/bh.mas.ec\/product\/hindquarter\/"},"modified":"2025-08-24T23:13:02","modified_gmt":"2025-08-25T04:13:02","slug":"hindquarter","status":"publish","type":"product","link":"https:\/\/blackherdgroup.com\/es\/producto\/hindquarter\/","title":{"rendered":"Trasero (Hindquarter)"},"content":{"rendered":"<p>Corte proveniente de la parte trasera del novillo. Este primal incluye algunos de los cortes de carne m\u00e1s reconocidos y tiernos. Los m\u00fasculos de esta secci\u00f3n se ejercitan menos, lo que da como resultado una ternura excepcional y un sabor profundo e intenso.<\/p>\n<p>Usos: Ideal para restaurantes de alta cocina. Se adapta perfectamente a la parrilla, sellado en sart\u00e9n o t\u00e9cnicas de cocci\u00f3n sous-vide. Un primal vers\u00e1til que ofrece m\u00faltiples opciones de cortes premium.<\/p>","protected":false},"excerpt":{"rendered":"<p>Cut from the hind portion of the steer, this primal includes some of the most renowned and tender beef cuts. Muscles from this section are less exercised, resulting in exceptional tenderness and deep, rich flavor. Uses: Ideal for fine dining restaurants, Best suited for grilling, pan-searing, or sous-vide techniques, Versatile primal offering multiple upscale steak [&hellip;]<\/p>","protected":false},"featured_media":391,"comment_status":"open","ping_status":"closed","template":"","meta":[],"product_brand":[],"product_cat":[30],"product_tag":[72],"class_list":{"0":"post-575","1":"product","2":"type-product","3":"status-publish","4":"has-post-thumbnail","6":"product_cat-versatile-cuts-for-culinary-use","7":"product_tag-100-black-angus-steer-only-never-ever-non-gmo","9":"first","10":"instock","11":"shipping-taxable","12":"product-type-simple"},"_links":{"self":[{"href":"https:\/\/blackherdgroup.com\/es\/wp-json\/wp\/v2\/product\/575","targetHints":{"allow":["GET"]}}],"collection":[{"href":"https:\/\/blackherdgroup.com\/es\/wp-json\/wp\/v2\/product"}],"about":[{"href":"https:\/\/blackherdgroup.com\/es\/wp-json\/wp\/v2\/types\/product"}],"replies":[{"embeddable":true,"href":"https:\/\/blackherdgroup.com\/es\/wp-json\/wp\/v2\/comments?post=575"}],"wp:featuredmedia":[{"embeddable":true,"href":"https:\/\/blackherdgroup.com\/es\/wp-json\/wp\/v2\/media\/391"}],"wp:attachment":[{"href":"https:\/\/blackherdgroup.com\/es\/wp-json\/wp\/v2\/media?parent=575"}],"wp:term":[{"taxonomy":"product_brand","embeddable":true,"href":"https:\/\/blackherdgroup.com\/es\/wp-json\/wp\/v2\/product_brand?post=575"},{"taxonomy":"product_cat","embeddable":true,"href":"https:\/\/blackherdgroup.com\/es\/wp-json\/wp\/v2\/product_cat?post=575"},{"taxonomy":"product_tag","embeddable":true,"href":"https:\/\/blackherdgroup.com\/es\/wp-json\/wp\/v2\/product_tag?post=575"}],"curies":[{"name":"wp","href":"https:\/\/api.w.org\/{rel}","templated":true}]}}