{"id":646,"date":"2025-07-02T12:38:52","date_gmt":"2025-07-02T12:38:52","guid":{"rendered":"https:\/\/bh.mas.ec\/?page_id=646"},"modified":"2025-08-27T11:38:06","modified_gmt":"2025-08-27T16:38:06","slug":"beyond-beef-the-science-behind-our-legacy","status":"publish","type":"page","link":"https:\/\/blackherdgroup.com\/es\/beyond-beef-the-science-behind-our-legacy\/","title":{"rendered":"M\u00e1s all\u00e1 de la carne \u2013 La ciencia detr\u00e1s de nuestro legado"},"content":{"rendered":"<div data-elementor-type=\"wp-page\" data-elementor-id=\"646\" class=\"elementor elementor-646\" data-elementor-post-type=\"page\">\n\t\t\t\t<div class=\"elementor-element elementor-element-471d1d32 e-flex e-con-boxed e-con e-parent\" data-id=\"471d1d32\" data-element_type=\"container\">\n\t\t\t\t\t<div class=\"e-con-inner\">\n\t\t\t\t<div class=\"elementor-element elementor-element-e8671e2 elementor-widget elementor-widget-text-editor\" data-id=\"e8671e2\" data-element_type=\"widget\" data-widget_type=\"text-editor.default\">\n\t\t\t\t<div class=\"elementor-widget-container\">\n\t\t\t\t\t\t\t\t\t\n<h2 class=\"wp-block-heading\">En Black Herd, la carne es solo el comienzo.<\/h2>\n\n<figure class=\"wp-block-gallery has-nested-images columns-default is-cropped wp-block-gallery-2 is-layout-flex wp-block-gallery-is-layout-flex\">\t\t\t\t\t\t\t\t<\/div>\n\t\t\t\t<\/div>\n\t\t\t\t<div class=\"elementor-element elementor-element-d74fb36 elementor-widget elementor-widget-image\" data-id=\"d74fb36\" data-element_type=\"widget\" data-widget_type=\"image.default\">\n\t\t\t\t<div class=\"elementor-widget-container\">\n\t\t\t\t\t\t\t\t\t\t\t\t\t\t\t<img fetchpriority=\"high\" decoding=\"async\" width=\"800\" height=\"448\" src=\"https:\/\/blackherdgroup.com\/wp-content\/uploads\/2025\/07\/black-herd-argentina-1024x574.jpg\" class=\"attachment-large size-large wp-image-651\" alt=\"Black Herd Argentina\" srcset=\"https:\/\/blackherdgroup.com\/wp-content\/uploads\/2025\/07\/black-herd-argentina-1024x574.jpg 1024w, https:\/\/blackherdgroup.com\/wp-content\/uploads\/2025\/07\/black-herd-argentina-600x336.jpg 600w, https:\/\/blackherdgroup.com\/wp-content\/uploads\/2025\/07\/black-herd-argentina-300x168.jpg 300w, https:\/\/blackherdgroup.com\/wp-content\/uploads\/2025\/07\/black-herd-argentina-768x430.jpg 768w, https:\/\/blackherdgroup.com\/wp-content\/uploads\/2025\/07\/black-herd-argentina.jpg 1456w\" sizes=\"(max-width: 800px) 100vw, 800px\" \/>\t\t\t\t\t\t\t\t\t\t\t\t\t\t\t<\/div>\n\t\t\t\t<\/div>\n\t\t\t\t<div class=\"elementor-element elementor-element-431eea2 elementor-widget elementor-widget-text-editor\" data-id=\"431eea2\" data-element_type=\"widget\" data-widget_type=\"text-editor.default\">\n\t\t\t\t<div class=\"elementor-widget-container\">\n\t\t\t\t\t\t\t\t\t<p>Detr\u00e1s de cada corte existe un profundo compromiso con la innovaci\u00f3n, la gen\u00e9tica y la trazabilidad. <strong>No solo seleccionamos Angus premium, estamos dise\u00f1ando el futuro de la ganader\u00eda.<\/strong>Desde el linaje gen\u00e9tico y la crianza responsable hasta el cuidado animal basado en datos, estamos liderando el pr\u00f3ximo cap\u00edtulo en la excelencia de la carne.<\/p>\n\n<p>Descubre c\u00f3mo nuestro d\u00eda a d\u00eda combina tecnolog\u00eda, tradici\u00f3n y visi\u00f3n, dando forma a reba\u00f1os m\u00e1s saludables, mejor carne y un mundo m\u00e1s sostenible.<\/p>\n\t\t\t\t\t\t\t\t<\/div>\n\t\t\t\t<\/div>\n\t\t\t\t<div class=\"elementor-element elementor-element-b4ada22 elementor-widget elementor-widget-button\" data-id=\"b4ada22\" data-element_type=\"widget\" data-widget_type=\"button.default\">\n\t\t\t\t<div class=\"elementor-widget-container\">\n\t\t\t\t\t\t\t\t\t<div class=\"elementor-button-wrapper\">\n\t\t\t\t\t<a class=\"elementor-button elementor-button-link elementor-size-sm\" href=\"https:\/\/www.linkedin.com\/company\/black-herd\/\" target=\"_blank\">\n\t\t\t\t\t\t<span class=\"elementor-button-content-wrapper\">\n\t\t\t\t\t\t\t\t\t<span class=\"elementor-button-text\">Sigue nuestra evoluci\u00f3n en LinkedIn.<\/span>\n\t\t\t\t\t<\/span>\n\t\t\t\t\t<\/a>\n\t\t\t\t<\/div>\n\t\t\t\t\t\t\t\t<\/div>\n\t\t\t\t<\/div>\n\t\t\t\t<div class=\"elementor-element elementor-element-2444edc elementor-widget elementor-widget-spacer\" data-id=\"2444edc\" data-element_type=\"widget\" data-widget_type=\"spacer.default\">\n\t\t\t\t<div class=\"elementor-widget-container\">\n\t\t\t\t\t\t\t<div class=\"elementor-spacer\">\n\t\t\t<div class=\"elementor-spacer-inner\"><\/div>\n\t\t<\/div>\n\t\t\t\t\t\t<\/div>\n\t\t\t\t<\/div>\n\t\t\t\t\t<\/div>\n\t\t\t\t<\/div>\n\t\t\t\t<\/div>","protected":false},"excerpt":{"rendered":"<p>At Black Herd, beef is just the beginning. Explore how our day-to-day blends technology, tradition, and vision, shaping healthier herds, better beef, and a more sustainable world. Follow our evolution on LinkedIn.<\/p>","protected":false},"author":1,"featured_media":0,"parent":0,"menu_order":0,"comment_status":"closed","ping_status":"closed","template":"","meta":{"footnotes":""},"class_list":["post-646","page","type-page","status-publish","hentry"],"_links":{"self":[{"href":"https:\/\/blackherdgroup.com\/es\/wp-json\/wp\/v2\/pages\/646","targetHints":{"allow":["GET"]}}],"collection":[{"href":"https:\/\/blackherdgroup.com\/es\/wp-json\/wp\/v2\/pages"}],"about":[{"href":"https:\/\/blackherdgroup.com\/es\/wp-json\/wp\/v2\/types\/page"}],"author":[{"embeddable":true,"href":"https:\/\/blackherdgroup.com\/es\/wp-json\/wp\/v2\/users\/1"}],"replies":[{"embeddable":true,"href":"https:\/\/blackherdgroup.com\/es\/wp-json\/wp\/v2\/comments?post=646"}],"version-history":[{"count":9,"href":"https:\/\/blackherdgroup.com\/es\/wp-json\/wp\/v2\/pages\/646\/revisions"}],"predecessor-version":[{"id":1005,"href":"https:\/\/blackherdgroup.com\/es\/wp-json\/wp\/v2\/pages\/646\/revisions\/1005"}],"wp:attachment":[{"href":"https:\/\/blackherdgroup.com\/es\/wp-json\/wp\/v2\/media?parent=646"}],"curies":[{"name":"wp","href":"https:\/\/api.w.org\/{rel}","templated":true}]}}